{"id":10727,"date":"2023-10-31T11:15:59","date_gmt":"2023-10-31T08:15:59","guid":{"rendered":"https:\/\/test.avaeksperdid.ee\/toode\/kardinapuud-nn-torupuud-2\/"},"modified":"2025-12-15T10:19:17","modified_gmt":"2025-12-15T07:19:17","slug":"kardinapuud","status":"publish","type":"product","link":"https:\/\/test.avaeksperdid.ee\/en\/product\/kardinapuud\/","title":{"rendered":"Kardinapuud"},"content":{"rendered":"<h2>Kardinapuu peal kardinad v\u00f5ivad nii varjata kui ka s\u00e4rada<\/h2>\n<p>Kes on kunagi remonti teinud v\u00f5i uut kodu sisustanud, see kujutab ette, kuidas alles kardi\u00adnaid ette riputades muutub ruum t\u00f5eliselt hubaseks. Kardinapuu k\u00fcljes rippuvad kardinad on k\u00f5ige t\u00f5husam viis end \u00fcmbritsevast maailmast eraldada, sest lisaks vaate varjamisele summutavad nad ka m\u00fcra ja aitavad sooja hoida. Ent kardinad v\u00f5ivad samas olla sisekujun\u00adduse hingeks, andes ruumile j\u00e4ljendamatu isikup\u00e4ra.<\/p>\n<h3>Kardinapuud olid nii m\u00f5isas kui talumajas<\/h3>\n<p>Kardinapuud on asendamatud, kui tahetakse s\u00e4ilitada <strong>ajaloolise hoone autentset h\u00f5ngu<\/strong>. Kardina\u00adpuud r\u00f5hutavad klassikalist sisekujundust, aga ka luksuslikkust. Ehtsad idamaised vaibad, tammeparkett ja kamin on asjad, mis lausa n\u00f5uavad kardinapuu peal kardinaid. Tumedad sametkardinad siidist tupsudega m\u00f5juvad \u00fchtaegu soliidselt ja samas uhkelt! Eksklusiivset muljet saab veelgi lisada, kui valida kardinapuule erilise disainiga otsad.<\/p>\n<p>Ent kardinapuuga on v\u00f5imalik luua ka t\u00e4iesti teistsugust, <strong>maal\u00e4hedast milj\u00f6\u00f6d<\/strong> \u2013 tekkisid ju just kardinapuuga kardinad esimestena talumajapidamistesse ning olid pikka aega ainu\u00adm\u00f5eldavad aknakatte ette riputamise viisid.<\/p>\n<p>Kardinapuu k\u00fclge v\u00f5ib kinnitada nii raskeid pakse k\u00fclgkardinaid kui ka \u00f5hukesi, peaaegu l\u00e4bipaistvaid t\u00fcllkardinad, mis sobivad eriti h\u00e4sti ruumidesse, kus tahetakse v\u00e4ltida m\u00f6\u00f6da\u00adk\u00e4ijate v\u00f5imalust sisse kiigata, j\u00e4ttes endale samal ajal peaaegu segamatu v\u00e4ljavaate. Sageli on otstarbekas mitut kardinat\u00fc\u00fcpi kombineerida, n\u00e4iteks v\u00f5ivad \u00f5hukesed kardinad rippuda akna ees \u00f6\u00f6p\u00e4evl\u00e4bi, pimeduse saabudes aga lastakse ka paksemad rulookkardinad alla.<\/p>\n<p>Kataloogist tellitavate tapeetidega koos pakutakse sageli ka sama mustri v\u00f5i tooniga tekstiile. Nii on v\u00f5imalik kujundada ise\u00e4ranis terviklik ruum, kus nii seinakatted kui ka kardinad, voodikatted, padjad jm moodustavad t\u00e4iusliku komplekti.<\/p>\n<h2>Materjalid ja lisatarvikud<\/h2>\n<div id=\"inside_content\">\n<p>Kardinapuu v\u00f5ib olla valmistatud <strong>puidust, messingist, alumiiniumist, plastmassist<\/strong> jne. Lisaks kardinapuudele pakume ka juurdesobivaid r\u00f5ngaid, klambreid, kardinahoidjaid ja -paelu, seinakinnitusi jm.<\/p>\n<p>Kaasaegsed spetsiaalsed kardinakangad on pleekimiskindlad ning t\u00f6\u00f6deldud selliselt, et nad ei v\u00f5taks k\u00fclge tolmu ja mustust. Kardinaid saab puhastada tavalise niiske lapiga v\u00f5i keemiliselt.<\/p>\n<p>Lisaks kardinapuudele jm kardinatrvikutele pakume klientidele <strong>k\u00f5ike, mida terviklik teenus h\u00f5lmab<\/strong> \u2013 alates materjali- ja v\u00e4rvikonsultatsioonist kuni kardinate valmis\u00f5mblemise ja \u00fclesriputamiseni.<\/p>\n<\/div>\n","protected":false},"excerpt":{"rendered":"Kardinapuu k\u00fclge v\u00f5ib kinnitada nii raskeid pakse k\u00fclgkardinaid kui ka \u00f5hukesi, peaaegu l\u00e4bipaistvaid t\u00fcllkardinad.","protected":false},"featured_media":15914,"template":"","meta":{"_acf_changed":false},"product_brand":[],"product_cat":[342],"product_tag":[272],"class_list":{"0":"post-10727","1":"product","2":"type-product","3":"status-publish","4":"has-post-thumbnail","6":"product_cat-kardinapuud-ja-siinid","7":"product_tag-sisetooted","9":"first","10":"instock","11":"product-type-simple"},"acf":[],"yoast_head":"<!-- This site is optimized with the Yoast SEO plugin v26.2 - https:\/\/yoast.com\/wordpress\/plugins\/seo\/ -->\n<title>Kardinapuud - Avaeksperdid<\/title>\n<meta name=\"description\" content=\"Kardinapuu k\u00fclge v\u00f5ib kinnitada nii raskeid pakse k\u00fclgkardinaid kui ka \u00f5hukesi, peaaegu l\u00e4bipaistvaid t\u00fcllkardinad. Vaata l\u00e4hemalt siit!\" \/>\n<meta name=\"robots\" content=\"index, follow, max-snippet:-1, max-image-preview:large, max-video-preview:-1\" \/>\n<link rel=\"canonical\" href=\"https:\/\/test.avaeksperdid.ee\/toode\/kardinapuud\/\" \/>\n<meta property=\"og:locale\" content=\"en_US\" \/>\n<meta property=\"og:type\" content=\"article\" \/>\n<meta property=\"og:title\" content=\"Kardinapuud - Avaeksperdid\" \/>\n<meta property=\"og:description\" content=\"Kardinapuu k\u00fclge v\u00f5ib kinnitada nii raskeid pakse k\u00fclgkardinaid kui ka \u00f5hukesi, peaaegu l\u00e4bipaistvaid t\u00fcllkardinad. Vaata l\u00e4hemalt siit!\" \/>\n<meta property=\"og:url\" content=\"https:\/\/test.avaeksperdid.ee\/toode\/kardinapuud\/\" \/>\n<meta property=\"og:site_name\" content=\"Avaeksperdid\" \/>\n<meta property=\"article:modified_time\" content=\"2025-12-15T07:19:17+00:00\" \/>\n<meta property=\"og:image\" content=\"https:\/\/test.avaeksperdid.ee\/wp-content\/uploads\/2023\/10\/2.jpg\" \/>\n\t<meta property=\"og:image:width\" content=\"1500\" \/>\n\t<meta property=\"og:image:height\" content=\"1125\" \/>\n\t<meta property=\"og:image:type\" content=\"image\/jpeg\" \/>\n<meta name=\"twitter:card\" content=\"summary_large_image\" \/>\n<meta name=\"twitter:label1\" content=\"Est. reading time\" \/>\n\t<meta name=\"twitter:data1\" content=\"2 minutes\" \/>\n<script type=\"application\/ld+json\" class=\"yoast-schema-graph\">{\"@context\":\"https:\/\/schema.org\",\"@graph\":[{\"@type\":\"WebPage\",\"@id\":\"https:\/\/test.avaeksperdid.ee\/toode\/kardinapuud\/\",\"url\":\"https:\/\/test.avaeksperdid.ee\/toode\/kardinapuud\/\",\"name\":\"Kardinapuud - Avaeksperdid\",\"isPartOf\":{\"@id\":\"https:\/\/test.avaeksperdid.ee\/#website\"},\"primaryImageOfPage\":{\"@id\":\"https:\/\/test.avaeksperdid.ee\/toode\/kardinapuud\/#primaryimage\"},\"image\":{\"@id\":\"https:\/\/test.avaeksperdid.ee\/toode\/kardinapuud\/#primaryimage\"},\"thumbnailUrl\":\"https:\/\/test.avaeksperdid.ee\/wp-content\/uploads\/2023\/10\/2.jpg\",\"datePublished\":\"2023-10-31T08:15:59+00:00\",\"dateModified\":\"2025-12-15T07:19:17+00:00\",\"description\":\"Kardinapuu k\u00fclge v\u00f5ib kinnitada nii raskeid pakse k\u00fclgkardinaid kui ka \u00f5hukesi, peaaegu l\u00e4bipaistvaid t\u00fcllkardinad. Vaata l\u00e4hemalt siit!\",\"breadcrumb\":{\"@id\":\"https:\/\/test.avaeksperdid.ee\/toode\/kardinapuud\/#breadcrumb\"},\"inLanguage\":\"en-US\",\"potentialAction\":[{\"@type\":\"ReadAction\",\"target\":[\"https:\/\/test.avaeksperdid.ee\/toode\/kardinapuud\/\"]}]},{\"@type\":\"ImageObject\",\"inLanguage\":\"en-US\",\"@id\":\"https:\/\/test.avaeksperdid.ee\/toode\/kardinapuud\/#primaryimage\",\"url\":\"https:\/\/test.avaeksperdid.ee\/wp-content\/uploads\/2023\/10\/2.jpg\",\"contentUrl\":\"https:\/\/test.avaeksperdid.ee\/wp-content\/uploads\/2023\/10\/2.jpg\",\"width\":1500,\"height\":1125},{\"@type\":\"BreadcrumbList\",\"@id\":\"https:\/\/test.avaeksperdid.ee\/toode\/kardinapuud\/#breadcrumb\",\"itemListElement\":[{\"@type\":\"ListItem\",\"position\":1,\"name\":\"Home\",\"item\":\"https:\/\/test.avaeksperdid.ee\/en\/\"},{\"@type\":\"ListItem\",\"position\":2,\"name\":\"All products\",\"item\":\"https:\/\/test.avaeksperdid.ee\/en\/shop\/\"},{\"@type\":\"ListItem\",\"position\":3,\"name\":\"Kardinapuud\"}]},{\"@type\":\"WebSite\",\"@id\":\"https:\/\/test.avaeksperdid.ee\/#website\",\"url\":\"https:\/\/test.avaeksperdid.ee\/\",\"name\":\"Avaeksperdid\",\"description\":\"Kardinad | Rulood | Markiisid ja v\u00e4likatted\",\"publisher\":{\"@id\":\"https:\/\/test.avaeksperdid.ee\/#organization\"},\"potentialAction\":[{\"@type\":\"SearchAction\",\"target\":{\"@type\":\"EntryPoint\",\"urlTemplate\":\"https:\/\/test.avaeksperdid.ee\/?s={search_term_string}\"},\"query-input\":{\"@type\":\"PropertyValueSpecification\",\"valueRequired\":true,\"valueName\":\"search_term_string\"}}],\"inLanguage\":\"en-US\"},{\"@type\":\"Organization\",\"@id\":\"https:\/\/test.avaeksperdid.ee\/#organization\",\"name\":\"Avaeksperdid\",\"url\":\"https:\/\/test.avaeksperdid.ee\/\",\"logo\":{\"@type\":\"ImageObject\",\"inLanguage\":\"en-US\",\"@id\":\"https:\/\/test.avaeksperdid.ee\/#\/schema\/logo\/image\/\",\"url\":\"https:\/\/test.avaeksperdid.ee\/wp-content\/uploads\/2025\/03\/avaeksperdid-must-logo.svg\",\"contentUrl\":\"https:\/\/test.avaeksperdid.ee\/wp-content\/uploads\/2025\/03\/avaeksperdid-must-logo.svg\",\"width\":192,\"height\":26,\"caption\":\"Avaeksperdid\"},\"image\":{\"@id\":\"https:\/\/test.avaeksperdid.ee\/#\/schema\/logo\/image\/\"}}]}<\/script>\n<!-- \/ Yoast SEO plugin. -->","yoast_head_json":{"title":"Kardinapuud - Avaeksperdid","description":"Kardinapuu k\u00fclge v\u00f5ib kinnitada nii raskeid pakse k\u00fclgkardinaid kui ka \u00f5hukesi, peaaegu l\u00e4bipaistvaid t\u00fcllkardinad. Vaata l\u00e4hemalt siit!","robots":{"index":"index","follow":"follow","max-snippet":"max-snippet:-1","max-image-preview":"max-image-preview:large","max-video-preview":"max-video-preview:-1"},"canonical":"https:\/\/test.avaeksperdid.ee\/toode\/kardinapuud\/","og_locale":"en_US","og_type":"article","og_title":"Kardinapuud - Avaeksperdid","og_description":"Kardinapuu k\u00fclge v\u00f5ib kinnitada nii raskeid pakse k\u00fclgkardinaid kui ka \u00f5hukesi, peaaegu l\u00e4bipaistvaid t\u00fcllkardinad. Vaata l\u00e4hemalt siit!","og_url":"https:\/\/test.avaeksperdid.ee\/toode\/kardinapuud\/","og_site_name":"Avaeksperdid","article_modified_time":"2025-12-15T07:19:17+00:00","og_image":[{"width":1500,"height":1125,"url":"https:\/\/test.avaeksperdid.ee\/wp-content\/uploads\/2023\/10\/2.jpg","type":"image\/jpeg"}],"twitter_card":"summary_large_image","twitter_misc":{"Est. reading time":"2 minutes"},"schema":{"@context":"https:\/\/schema.org","@graph":[{"@type":"WebPage","@id":"https:\/\/test.avaeksperdid.ee\/toode\/kardinapuud\/","url":"https:\/\/test.avaeksperdid.ee\/toode\/kardinapuud\/","name":"Kardinapuud - Avaeksperdid","isPartOf":{"@id":"https:\/\/test.avaeksperdid.ee\/#website"},"primaryImageOfPage":{"@id":"https:\/\/test.avaeksperdid.ee\/toode\/kardinapuud\/#primaryimage"},"image":{"@id":"https:\/\/test.avaeksperdid.ee\/toode\/kardinapuud\/#primaryimage"},"thumbnailUrl":"https:\/\/test.avaeksperdid.ee\/wp-content\/uploads\/2023\/10\/2.jpg","datePublished":"2023-10-31T08:15:59+00:00","dateModified":"2025-12-15T07:19:17+00:00","description":"Kardinapuu k\u00fclge v\u00f5ib kinnitada nii raskeid pakse k\u00fclgkardinaid kui ka \u00f5hukesi, peaaegu l\u00e4bipaistvaid t\u00fcllkardinad. Vaata l\u00e4hemalt siit!","breadcrumb":{"@id":"https:\/\/test.avaeksperdid.ee\/toode\/kardinapuud\/#breadcrumb"},"inLanguage":"en-US","potentialAction":[{"@type":"ReadAction","target":["https:\/\/test.avaeksperdid.ee\/toode\/kardinapuud\/"]}]},{"@type":"ImageObject","inLanguage":"en-US","@id":"https:\/\/test.avaeksperdid.ee\/toode\/kardinapuud\/#primaryimage","url":"https:\/\/test.avaeksperdid.ee\/wp-content\/uploads\/2023\/10\/2.jpg","contentUrl":"https:\/\/test.avaeksperdid.ee\/wp-content\/uploads\/2023\/10\/2.jpg","width":1500,"height":1125},{"@type":"BreadcrumbList","@id":"https:\/\/test.avaeksperdid.ee\/toode\/kardinapuud\/#breadcrumb","itemListElement":[{"@type":"ListItem","position":1,"name":"Home","item":"https:\/\/test.avaeksperdid.ee\/en\/"},{"@type":"ListItem","position":2,"name":"All products","item":"https:\/\/test.avaeksperdid.ee\/en\/shop\/"},{"@type":"ListItem","position":3,"name":"Kardinapuud"}]},{"@type":"WebSite","@id":"https:\/\/test.avaeksperdid.ee\/#website","url":"https:\/\/test.avaeksperdid.ee\/","name":"Avaeksperdid","description":"Kardinad | Rulood | Markiisid ja v\u00e4likatted","publisher":{"@id":"https:\/\/test.avaeksperdid.ee\/#organization"},"potentialAction":[{"@type":"SearchAction","target":{"@type":"EntryPoint","urlTemplate":"https:\/\/test.avaeksperdid.ee\/?s={search_term_string}"},"query-input":{"@type":"PropertyValueSpecification","valueRequired":true,"valueName":"search_term_string"}}],"inLanguage":"en-US"},{"@type":"Organization","@id":"https:\/\/test.avaeksperdid.ee\/#organization","name":"Avaeksperdid","url":"https:\/\/test.avaeksperdid.ee\/","logo":{"@type":"ImageObject","inLanguage":"en-US","@id":"https:\/\/test.avaeksperdid.ee\/#\/schema\/logo\/image\/","url":"https:\/\/test.avaeksperdid.ee\/wp-content\/uploads\/2025\/03\/avaeksperdid-must-logo.svg","contentUrl":"https:\/\/test.avaeksperdid.ee\/wp-content\/uploads\/2025\/03\/avaeksperdid-must-logo.svg","width":192,"height":26,"caption":"Avaeksperdid"},"image":{"@id":"https:\/\/test.avaeksperdid.ee\/#\/schema\/logo\/image\/"}}]}},"_links":{"self":[{"href":"https:\/\/test.avaeksperdid.ee\/en\/wp-json\/wp\/v2\/product\/10727","targetHints":{"allow":["GET"]}}],"collection":[{"href":"https:\/\/test.avaeksperdid.ee\/en\/wp-json\/wp\/v2\/product"}],"about":[{"href":"https:\/\/test.avaeksperdid.ee\/en\/wp-json\/wp\/v2\/types\/product"}],"wp:featuredmedia":[{"embeddable":true,"href":"https:\/\/test.avaeksperdid.ee\/en\/wp-json\/wp\/v2\/media\/15914"}],"wp:attachment":[{"href":"https:\/\/test.avaeksperdid.ee\/en\/wp-json\/wp\/v2\/media?parent=10727"}],"wp:term":[{"taxonomy":"product_brand","embeddable":true,"href":"https:\/\/test.avaeksperdid.ee\/en\/wp-json\/wp\/v2\/product_brand?post=10727"},{"taxonomy":"product_cat","embeddable":true,"href":"https:\/\/test.avaeksperdid.ee\/en\/wp-json\/wp\/v2\/product_cat?post=10727"},{"taxonomy":"product_tag","embeddable":true,"href":"https:\/\/test.avaeksperdid.ee\/en\/wp-json\/wp\/v2\/product_tag?post=10727"}],"curies":[{"name":"wp","href":"https:\/\/api.w.org\/{rel}","templated":true}]}}